{"id":814,"date":"2024-07-02T12:17:39","date_gmt":"2024-07-02T10:17:39","guid":{"rendered":"https:\/\/hoteldefrancebeaune.com\/casa\/"},"modified":"2025-08-18T15:11:45","modified_gmt":"2025-08-18T13:11:45","slug":"casa","status":"publish","type":"page","link":"https:\/\/hoteldefrancebeaune.com\/es\/","title":{"rendered":"Casa"},"content":{"rendered":"\n<div class=\"wp-block-uagb-container uagb-block-8ecd5811 alignfull uagb-is-root-container\"><div class=\"uagb-container__video-wrap\"><video autoplay loop muted playsinline><source src=\"https:\/\/hoteldefrancebeaune.com\/wp-content\/uploads\/2025\/07\/DJI_0015-modifie.mp4\" type=\"video\/mp4\"\/><\/video><\/div><div class=\"uagb-container-inner-blocks-wrap\">\n<div class=\"wp-block-uagb-info-box uagb-block-2a03356b uagb-infobox__content-wrap  uagb-infobox-icon-above-title uagb-infobox-image-valign-top\"><div class=\"uagb-ifb-content\"><div class=\"uagb-ifb-title-wrap\"><h1 class=\"uagb-ifb-title\">Bienvenido al Hotel de France<\/h1><\/div><p class=\"uagb-ifb-desc\">Su estancia ideal en Beaune, a pocos pasos de las principales atracciones de la ciudad<\/p><div class=\"uagb-ifb-button-wrapper wp-block-button\"><a href=\"https:\/\/www.secure-hotel-booking.com\/smart\/Hotel-de-France\/J1QJ\/\" class=\"uagb-infobox-cta-link wp-block-button__link\" target=\"_self\" rel=\"noopener noreferrer\" onclick=\"return true;\"><span class=\"uagb-inline-editing\">Reserva ahora<\/span><\/a><\/div><\/div><\/div>\n<\/div><\/div>\n\n<div class=\"wp-block-uagb-container uagb-block-02c65cb0 alignfull uagb-is-root-container\"><div class=\"uagb-container-inner-blocks-wrap\">\n<div class=\"wp-block-uagb-container uagb-layout-grid uagb-block-e5a09865\">\n<div class=\"wp-block-uagb-advanced-heading uagb-block-50fe1be9\"><h2 class=\"uagb-heading-text\">\u00a1Nos vemos en Beaune, capital de los vinos de Borgo\u00f1a!<\/h2><\/div>\n\n\n\n<div class=\"wp-block-uagb-container uagb-layout-flex uagb-block-c469e59d\">\n<div class=\"wp-block-uagb-advanced-heading uagb-block-aa481f6f\"><p class=\"uagb-desc-text\">Situado justo enfrente de la estaci\u00f3n de tren, a solo 5 minutos a pie del centro hist\u00f3rico de Beaune, el H\u00f4tel De France. <\/p><\/div>\n<\/div>\n<\/div>\n\n\n\n<div class=\"wp-block-uagb-container uagb-block-c18a51b8\">\n<div class=\"wp-block-uagb-container uagb-block-7c2200df\">\n<div class=\"wp-block-uagb-image uagb-block-e48c895f wp-block-uagb-image--layout-default wp-block-uagb-image--effect-static wp-block-uagb-image--align-none\"><figure class=\"wp-block-uagb-image__figure\"><img decoding=\"async\" srcset=\"https:\/\/hoteldefrancebeaune.com\/wp-content\/uploads\/2024\/07\/zipwp-image-chambre-superieur1.jpg ,https:\/\/hoteldefrancebeaune.com\/wp-content\/uploads\/2024\/07\/zipwp-image-chambre-superieur1.jpg 780w, https:\/\/hoteldefrancebeaune.com\/wp-content\/uploads\/2024\/07\/zipwp-image-chambre-superieur1.jpg 360w\" sizes=\"auto, (max-width: 480px) 150px\" src=\"https:\/\/hoteldefrancebeaune.com\/wp-content\/uploads\/2024\/07\/zipwp-image-chambre-superieur1.jpg\" alt=\"\" class=\"uag-image-476\" width=\"379\" height=\"400\" title=\"servicio-02\" loading=\"lazy\" role=\"img\"><\/figure><\/div>\n\n\n\n<div class=\"wp-block-uagb-info-box uagb-block-2c5642d4 uagb-infobox__content-wrap  uagb-infobox-icon-above-title uagb-infobox-image-valign-top wp-block-uagb-info-box--has-margin\"><div class=\"uagb-infobox-margin-wrapper\"><div class=\"uagb-ifb-content\"><div class=\"uagb-ifb-title-wrap\"><h3 class=\"uagb-ifb-title\">Nuestras habitaciones<\/h3><\/div><div class=\"uagb-ifb-button-wrapper wp-block-button\"><a href=\"habitaciones\/\" class=\"uagb-infobox-cta-link wp-block-button__link\" target=\"_self\" rel=\"noopener noreferrer\" onclick=\"return true;\"><span class=\"uagb-inline-editing\">Ver m\u00e1s<\/span><svg xmlns=\"https:\/\/www.w3.org\/2000\/svg\" viewbox=\"0 0 320 512\"><path d=\"M96 480c-8.188 0-16.38-3.125-22.62-9.375c-12.5-12.5-12.5-32.75 0-45.25L242.8 256L73.38 86.63c-12.5-12.5-12.5-32.75 0-45.25s32.75-12.5 45.25 0l192 192c12.5 12.5 12.5 32.75 0 45.25l-192 192C112.4 476.9 104.2 480 96 480z\"><\/path><\/svg><\/a><\/div><\/div><\/div><\/div>\n<\/div>\n\n\n\n<div class=\"wp-block-uagb-container uagb-block-17c3f175\">\n<div class=\"wp-block-uagb-image uagb-block-dc8d8b14 wp-block-uagb-image--layout-default wp-block-uagb-image--effect-static wp-block-uagb-image--align-none\"><figure class=\"wp-block-uagb-image__figure\"><img decoding=\"async\" srcset=\"https:\/\/hoteldefrancebeaune.com\/wp-content\/uploads\/2024\/07\/zipwp-image-hotel-de-france-le-tast-3-1024x683.jpg ,https:\/\/hoteldefrancebeaune.com\/wp-content\/uploads\/2024\/07\/zipwp-image-hotel-de-france-le-tast-3.jpg 780w, https:\/\/hoteldefrancebeaune.com\/wp-content\/uploads\/2024\/07\/zipwp-image-hotel-de-france-le-tast-3.jpg 360w\" sizes=\"auto, (max-width: 480px) 150px\" src=\"https:\/\/hoteldefrancebeaune.com\/wp-content\/uploads\/2024\/07\/zipwp-image-hotel-de-france-le-tast-3-1024x683.jpg\" alt=\"zipwp-image-hotel-de-france-le-tast-3.jpg\" class=\"uag-image-482\" width=\"379\" height=\"400\" title=\"zipwp-image-hotel-de-france-le-tast-3\" loading=\"lazy\" role=\"img\"><\/figure><\/div>\n\n\n\n<div class=\"wp-block-uagb-info-box uagb-block-35d6d97e uagb-infobox__content-wrap  uagb-infobox-icon-above-title uagb-infobox-image-valign-top wp-block-uagb-info-box--has-margin\"><div class=\"uagb-infobox-margin-wrapper\"><div class=\"uagb-ifb-content\"><div class=\"uagb-ifb-title-wrap\"><h3 class=\"uagb-ifb-title\">Nuestros servicios<\/h3><\/div><div class=\"uagb-ifb-button-wrapper wp-block-button\"><a href=\"servicios\/\" class=\"uagb-infobox-cta-link wp-block-button__link\" target=\"_self\" rel=\"noopener noreferrer\" onclick=\"return true;\"><span class=\"uagb-inline-editing\">Ver m\u00e1s<\/span><svg xmlns=\"https:\/\/www.w3.org\/2000\/svg\" viewbox=\"0 0 320 512\"><path d=\"M96 480c-8.188 0-16.38-3.125-22.62-9.375c-12.5-12.5-12.5-32.75 0-45.25L242.8 256L73.38 86.63c-12.5-12.5-12.5-32.75 0-45.25s32.75-12.5 45.25 0l192 192c12.5 12.5 12.5 32.75 0 45.25l-192 192C112.4 476.9 104.2 480 96 480z\"><\/path><\/svg><\/a><\/div><\/div><\/div><\/div>\n<\/div>\n\n\n\n<div class=\"wp-block-uagb-container uagb-block-2263773e\">\n<div class=\"wp-block-uagb-image uagb-block-fd4b5e8e wp-block-uagb-image--layout-default wp-block-uagb-image--effect-static wp-block-uagb-image--align-none uag-hide-desktop uag-hide-tab uag-hide-mob\"><figure class=\"wp-block-uagb-image__figure\"><img decoding=\"async\" srcset=\"https:\/\/hoteldefrancebeaune.com\/wp-content\/uploads\/2024\/07\/zipwp-image-hotel-de-france-le-tast.jpg ,https:\/\/hoteldefrancebeaune.com\/wp-content\/uploads\/2024\/07\/zipwp-image-hotel-de-france-le-tast.jpg 780w, https:\/\/hoteldefrancebeaune.com\/wp-content\/uploads\/2024\/07\/zipwp-image-hotel-de-france-le-tast.jpg 360w\" sizes=\"auto, (max-width: 480px) 150px\" src=\"https:\/\/hoteldefrancebeaune.com\/wp-content\/uploads\/2024\/07\/zipwp-image-hotel-de-france-le-tast.jpg\" alt=\"zipwp-image-hotel-de-france-le-tast.jpg\" class=\"uag-image-481\" width=\"379\" height=\"400\" title=\"zipwp-image-hotel-de-france-le-tast\" loading=\"lazy\" role=\"img\"><\/figure><\/div>\n\n\n\n<div class=\"wp-block-uagb-info-box uagb-block-b566d067 uagb-infobox__content-wrap  uagb-infobox-icon-above-title uagb-infobox-image-valign-top wp-block-uagb-info-box--has-margin uag-hide-desktop uag-hide-tab uag-hide-mob\"><div class=\"uagb-infobox-margin-wrapper\"><div class=\"uagb-ifb-content\"><div class=\"uagb-ifb-title-wrap\"><h3 class=\"uagb-ifb-title\">Restaurante<\/h3><\/div><div class=\"uagb-ifb-button-wrapper wp-block-button\"><a href=\"restaurante\/\" class=\"uagb-infobox-cta-link wp-block-button__link\" target=\"_self\" rel=\"noopener noreferrer\" onclick=\"return true;\"><span class=\"uagb-inline-editing\">Ver m\u00e1s<\/span><svg xmlns=\"https:\/\/www.w3.org\/2000\/svg\" viewbox=\"0 0 320 512\"><path d=\"M96 480c-8.188 0-16.38-3.125-22.62-9.375c-12.5-12.5-12.5-32.75 0-45.25L242.8 256L73.38 86.63c-12.5-12.5-12.5-32.75 0-45.25s32.75-12.5 45.25 0l192 192c12.5 12.5 12.5 32.75 0 45.25l-192 192C112.4 476.9 104.2 480 96 480z\"><\/path><\/svg><\/a><\/div><\/div><\/div><\/div>\n<\/div>\n<\/div>\n<\/div><\/div>\n\n<div class=\"wp-block-uagb-container uagb-block-6f210814 alignfull uagb-is-root-container\"><div class=\"uagb-container-inner-blocks-wrap\">\n<div class=\"wp-block-uagb-info-box uagb-block-a0259082 uagb-infobox__content-wrap  uagb-infobox-icon-above-title uagb-infobox-image-valign-top\"><div class=\"uagb-ifb-content\"><div class=\"uagb-ifb-title-wrap\"><h2 class=\"uagb-ifb-title\">Sobre nosotros<\/h2><\/div><p class=\"uagb-ifb-desc\">El Hotel de France le ofrece un alojamiento c\u00e1lido y personalizado, con una ubicaci\u00f3n privilegiada cerca de las atracciones de Beaune.<\/p><\/div><\/div>\n\n\n\n<div class=\"wp-block-uagb-image uagb-block-07cb6d23 wp-block-uagb-image--layout-default wp-block-uagb-image--effect-static wp-block-uagb-image--align-none\"><figure class=\"wp-block-uagb-image__figure\"><img decoding=\"async\" srcset=\"https:\/\/hoteldefrancebeaune.com\/wp-content\/uploads\/2024\/07\/zipwp-image-hotel-de-france-le-tast-2.jpg ,https:\/\/hoteldefrancebeaune.com\/wp-content\/uploads\/2024\/07\/zipwp-image-hotel-de-france-le-tast-2.jpg 780w, https:\/\/hoteldefrancebeaune.com\/wp-content\/uploads\/2024\/07\/zipwp-image-hotel-de-france-le-tast-2.jpg 360w\" sizes=\"auto, (max-width: 480px) 150px\" src=\"https:\/\/hoteldefrancebeaune.com\/wp-content\/uploads\/2024\/07\/zipwp-image-hotel-de-france-le-tast-2.jpg\" alt=\"\" class=\"uag-image-478\" width=\"1200\" height=\"450\" title=\"our-stories\" loading=\"lazy\" role=\"img\"><\/figure><\/div>\n\n\n\n<div class=\"wp-block-uagb-container uagb-layout-grid uagb-block-f353ab5c\">\n<div class=\"wp-block-uagb-advanced-heading uagb-block-86b53aad\"><h3 class=\"uagb-heading-text\">Nuestra historia<\/h3><\/div>\n\n\n\n<div class=\"wp-block-uagb-info-box uagb-block-73e6b5cf uagb-infobox__content-wrap  uagb-infobox-icon-above-title uagb-infobox-image-valign-top wp-block-uagb-info-box--has-margin\"><div class=\"uagb-infobox-margin-wrapper\"><div class=\"uagb-ifb-content\"><div class=\"uagb-ifb-title-wrap\"><p class=\"uagb-ifb-title\">Desde nuestra apertura en 1990, nuestro hotel familiar ha recibido a miles de visitantes para descubrir Borgo\u00f1a y sus tesoros.<\/p><\/div><p class=\"uagb-ifb-desc\">Nos comprometemos a ofrecer a nuestros clientes una experiencia agradable y confortable, con \u00e9nfasis en la hospitalidad y el servicio atento.<\/p><\/div><\/div><\/div>\n<\/div>\n<\/div><\/div>\n\n<div class=\"wp-block-uagb-container uagb-block-dacaaaef alignfull uagb-is-root-container\"><div class=\"uagb-container-inner-blocks-wrap\">\n<div class=\"wp-block-uagb-advanced-heading uagb-block-13f2e88a\"><h2 class=\"uagb-heading-text\">Testimonios<\/h2><\/div>\n\n\n\n<div class=\"wp-block-uagb-container uagb-block-9d20817f\">\n<div class=\"wp-block-uagb-container uagb-block-9c765b08\"><pre class=\"ti-widget\" style=\"display: none\"><template id=\"trustindex-google-widget-html\"><div class=\" ti-widget  ti-goog ti-disable-font ti-show-rating-text ti-review-text-mode-readmore ti-text-align-left\" data-no-translation=\"true\" data-time-locale=\"il y a %d %s|aujourd'hui|jour|jours|semaine|semaines|mois|mois|ann\u00e9e|ans\" data-plugin-version=\"13.2.9\" data-layout-id=\"12\" data-layout-category=\"badge\" data-set-id=\"drop-shadow\" data-pid=\"\" data-language=\"fr\" data-close-locale=\"Fermer\" data-css-version=\"2\" data-size=\"1\"> <div class=\"ti-widget-container\"> <a href=\"https:\/\/admin.trustindex.io\/api\/googleReview?place-id=ChIJbYsLRDnz8kcRaQQxkxaTJNs\" role=\"button\" target=\"_blank\" rel=\"noopener nofollow\" class=\"ti-footer ti-footer-grid source-Google\"> <div class=\"ti-fade-container\"> <div class=\"ti-large-logo\"> <div class=\"ti-v-center\"> <trustindex-image class=\"ti-logo-fb\" data-imgurl=\"https:\/\/cdn.trustindex.io\/assets\/platform\/Google\/logo.svg\" width=\"150\" height=\"25\" loading=\"lazy\" alt=\"Google\"><\/trustindex-image> <\/div> <\/div> <span class=\"ti-stars star-lg\"><trustindex-image class=\"ti-star\" data-imgurl=\"https:\/\/cdn.trustindex.io\/assets\/platform\/Google\/star\/f.svg\" alt=\"Google star 1\" width=\"17\" height=\"17\" loading=\"lazy\"><\/trustindex-image><trustindex-image class=\"ti-star\" data-imgurl=\"https:\/\/cdn.trustindex.io\/assets\/platform\/Google\/star\/f.svg\" alt=\"Google star 2\" width=\"17\" height=\"17\" loading=\"lazy\"><\/trustindex-image><trustindex-image class=\"ti-star\" data-imgurl=\"https:\/\/cdn.trustindex.io\/assets\/platform\/Google\/star\/f.svg\" alt=\"Google star 3\" width=\"17\" height=\"17\" loading=\"lazy\"><\/trustindex-image><trustindex-image class=\"ti-star\" data-imgurl=\"https:\/\/cdn.trustindex.io\/assets\/platform\/Google\/star\/f.svg\" alt=\"Google star 4\" width=\"17\" height=\"17\" loading=\"lazy\"><\/trustindex-image><trustindex-image class=\"ti-star\" data-imgurl=\"https:\/\/cdn.trustindex.io\/assets\/platform\/Google\/star\/e.svg\" alt=\"Google star 5\" width=\"17\" height=\"17\" loading=\"lazy\"><\/trustindex-image><\/span> <div class=\"ti-rating-text\"> <span class=\"nowrap\">Bas\u00e9e sur <span class=\"underline\">199 avis<\/span><\/span> <\/div> <\/div> <\/a> <\/div> <\/div> <\/template><\/pre><div data-src=\"https:\/\/cdn.trustindex.io\/loader.js?wp-widget\" data-template-id=\"trustindex-google-widget-html\" data-css-url=\"https:\/\/hoteldefrancebeaune.com\/wp-content\/uploads\/trustindex-google-widget.css?1773960067\"><\/div>\n<\/div>\n<\/div>\n<\/div><\/div>\n\n<div class=\"wp-block-uagb-container uagb-block-78ceaa04 alignfull uagb-is-root-container\"><div class=\"uagb-container-inner-blocks-wrap\">\n<div class=\"wp-block-uagb-advanced-heading uagb-block-c25c7181\"><h2 class=\"uagb-heading-text\">Nuestras ventajas \u00fanicas<\/h2><\/div>\n\n\n\n<div class=\"wp-block-uagb-container uagb-layout-grid uagb-block-2a415332\">\n<div class=\"wp-block-uagb-container uagb-block-d10d8a10\">\n<div class=\"wp-block-uagb-advanced-heading uagb-block-e199cdcf\"><h3 class=\"uagb-heading-text\">Ubicaci\u00f3n<\/h3><p class=\"uagb-desc-text\">Idealmente situado cerca de la estaci\u00f3n de tren de Beaune y las principales atracciones de la ciudad<\/p><\/div>\n<\/div>\n\n\n\n<div class=\"wp-block-uagb-container uagb-block-8fed953a\">\n<div class=\"wp-block-uagb-advanced-heading uagb-block-964dee5b\"><h3 class=\"uagb-heading-text\">Comodidad<\/h3><p class=\"uagb-desc-text\">Habitaciones insonorizadas con ba\u00f1o privado<\/p><\/div>\n<\/div>\n\n\n\n<div class=\"wp-block-uagb-container uagb-block-b1e555fe\">\n<div class=\"wp-block-uagb-advanced-heading uagb-block-cab822fd\"><h3 class=\"uagb-heading-text\">Servicios<\/h3><p class=\"uagb-desc-text\">Wifi gratuito y accesible en todo el hotel<\/p><\/div>\n<\/div>\n\n\n\n<div class=\"wp-block-uagb-container uagb-block-49dfd262\">\n<div class=\"wp-block-uagb-advanced-heading uagb-block-fe5aef5b\"><h3 class=\"uagb-heading-text\">Hospitalidad<\/h3><p class=\"uagb-desc-text\">C\u00e1lida bienvenida y servicio atento<\/p><\/div>\n<\/div>\n\n\n\n<div class=\"wp-block-uagb-container uagb-block-38d08555\">\n<div class=\"wp-block-uagb-advanced-heading uagb-block-0d54f303\"><h3 class=\"uagb-heading-text\">Calidad<\/h3><p class=\"uagb-desc-text\">Habitaciones equipadas con pantallas planas con canales TNT y cable<\/p><\/div>\n<\/div>\n\n\n\n<div class=\"wp-block-uagb-container uagb-block-a6439095\">\n<div class=\"wp-block-uagb-advanced-heading uagb-block-106c7aa1\"><h3 class=\"uagb-heading-text\">Personalizaci\u00f3n<\/h3><p class=\"uagb-desc-text\">Un ambiente c\u00e1lido, c\u00f3modo y personalizado para su estancia<\/p><\/div>\n<\/div>\n<\/div>\n<\/div><\/div>\n","protected":false},"excerpt":{"rendered":"<p>\u00a1Nos vemos en Beaune, capital de los vinos de Borgo\u00f1a! Situado justo enfrente de la estaci\u00f3n de tren, a solo [&hellip;]<\/p>\n","protected":false},"author":3,"featured_media":0,"parent":0,"menu_order":0,"comment_status":"closed","ping_status":"closed","template":"","meta":{"_uag_custom_page_level_css":"","site-sidebar-layout":"default","site-content-layout":"","ast-site-content-layout":"default","site-content-style":"default","site-sidebar-style":"default","ast-global-header-display":"","ast-banner-title-visibility":"","ast-main-header-display":"","ast-hfb-above-header-display":"","ast-hfb-below-header-display":"","ast-hfb-mobile-header-display":"","site-post-title":"disabled","ast-breadcrumbs-content":"","ast-featured-img":"","footer-sml-layout":"","ast-disable-related-posts":"","theme-transparent-header-meta":"","adv-header-id-meta":"","stick-header-meta":"","header-above-stick-meta":"","header-main-stick-meta":"","header-below-stick-meta":"","astra-migrate-meta-layouts":"default","ast-page-background-enabled":"default","ast-page-background-meta":{"desktop":{"background-color":"var(--ast-global-color-4)","background-image":"","background-repeat":"repeat","background-position":"center center","background-size":"auto","background-attachment":"scroll","background-type":"","background-media":"","overlay-type":"","overlay-color":"","overlay-opacity":"","overlay-gradient":""},"tablet":{"background-color":"","background-image":"","background-repeat":"repeat","background-position":"center center","background-size":"auto","background-attachment":"scroll","background-type":"","background-media":"","overlay-type":"","overlay-color":"","overlay-opacity":"","overlay-gradient":""},"mobile":{"background-color":"","background-image":"","background-repeat":"repeat","background-position":"center center","background-size":"auto","background-attachment":"scroll","background-type":"","background-media":"","overlay-type":"","overlay-color":"","overlay-opacity":"","overlay-gradient":""}},"ast-content-background-meta":{"desktop":{"background-color":"var(--ast-global-color-5)","background-image":"","background-repeat":"repeat","background-position":"center center","background-size":"auto","background-attachment":"scroll","background-type":"","background-media":"","overlay-type":"","overlay-color":"","overlay-opacity":"","overlay-gradient":""},"tablet":{"background-color":"var(--ast-global-color-5)","background-image":"","background-repeat":"repeat","background-position":"center center","background-size":"auto","background-attachment":"scroll","background-type":"","background-media":"","overlay-type":"","overlay-color":"","overlay-opacity":"","overlay-gradient":""},"mobile":{"background-color":"var(--ast-global-color-5)","background-image":"","background-repeat":"repeat","background-position":"center center","background-size":"auto","background-attachment":"scroll","background-type":"","background-media":"","overlay-type":"","overlay-color":"","overlay-opacity":"","overlay-gradient":""}},"footnotes":""},"class_list":["post-814","page","type-page","status-publish","hentry"],"uagb_featured_image_src":{"full":false,"thumbnail":false,"medium":false,"medium_large":false,"large":false,"1536x1536":false,"2048x2048":false},"uagb_author_info":{"display_name":"Patrick","author_link":"https:\/\/hoteldefrancebeaune.com\/es\/author\/mrv98hxvu5lj\/"},"uagb_comment_info":0,"uagb_excerpt":"\u00a1Nos vemos en Beaune, capital de los vinos de Borgo\u00f1a! Situado justo enfrente de la estaci\u00f3n de tren, a solo [&hellip;]","_links":{"self":[{"href":"https:\/\/hoteldefrancebeaune.com\/es\/wp-json\/wp\/v2\/pages\/814","targetHints":{"allow":["GET"]}}],"collection":[{"href":"https:\/\/hoteldefrancebeaune.com\/es\/wp-json\/wp\/v2\/pages"}],"about":[{"href":"https:\/\/hoteldefrancebeaune.com\/es\/wp-json\/wp\/v2\/types\/page"}],"author":[{"embeddable":true,"href":"https:\/\/hoteldefrancebeaune.com\/es\/wp-json\/wp\/v2\/users\/3"}],"replies":[{"embeddable":true,"href":"https:\/\/hoteldefrancebeaune.com\/es\/wp-json\/wp\/v2\/comments?post=814"}],"version-history":[{"count":4,"href":"https:\/\/hoteldefrancebeaune.com\/es\/wp-json\/wp\/v2\/pages\/814\/revisions"}],"predecessor-version":[{"id":1135,"href":"https:\/\/hoteldefrancebeaune.com\/es\/wp-json\/wp\/v2\/pages\/814\/revisions\/1135"}],"wp:attachment":[{"href":"https:\/\/hoteldefrancebeaune.com\/es\/wp-json\/wp\/v2\/media?parent=814"}],"curies":[{"name":"wp","href":"https:\/\/api.w.org\/{rel}","templated":true}]}}