{"id":786,"date":"2024-07-02T12:28:15","date_gmt":"2024-07-02T10:28:15","guid":{"rendered":"https:\/\/hoteldefrancebeaune.com\/das-lokal\/"},"modified":"2024-07-21T11:01:08","modified_gmt":"2024-07-21T09:01:08","slug":"das-lokal","status":"publish","type":"page","link":"https:\/\/hoteldefrancebeaune.com\/de\/das-lokal\/","title":{"rendered":"Das lokal"},"content":{"rendered":"\n<div class=\"wp-block-uagb-container uagb-block-8ecd5811 alignfull uagb-is-root-container\"><div class=\"uagb-container-inner-blocks-wrap\">\n<div class=\"wp-block-uagb-advanced-heading uagb-block-13f2e88a\"><h1 class=\"uagb-heading-text\">Das Restaurant Tast&#8217;vin<\/h1><\/div>\n<\/div><\/div>\n\n<div class=\"wp-block-uagb-container uagb-layout-flex uagb-block-f3521c56 alignfull uagb-is-root-container\"><div class=\"uagb-container-inner-blocks-wrap\">\n<div class=\"wp-block-uagb-info-box uagb-block-a0259082 uagb-infobox__content-wrap  uagb-infobox-icon-above-title uagb-infobox-image-valign-top\"><div class=\"uagb-ifb-content\"><div class=\"uagb-ifb-image-content\"><img decoding=\"async\" src=\"https:\/\/hoteldefrancebeaune.com\/wp-content\/uploads\/2024\/07\/4-150x150.png\" alt=\"\" width=\"\" height=\"0\" loading=\"lazy\"\/><\/div><div class=\"uagb-ifb-title-wrap\"><h2 class=\"uagb-ifb-title\">Eine traditionelle K\u00fcche<\/h2><\/div><p class=\"uagb-ifb-desc\">Das Hotelrestaurant \u00abLe Tast&#8217;Vin\u00bb bietet Ihnen eine gepflegte und gro\u00dfz\u00fcgige K\u00fcche mit regionalen Akzenten, die Sie in einer entspannten Atmosph\u00e4re genie\u00dfen k\u00f6nnen. Freuen Sie sich auf hausgemachte und traditionelle Gerichte sowie originelle Kreationen des K\u00fcchenchefs.<br\/>Im Sommer k\u00f6nnen Sie Ihre Mahlzeiten genie\u00dfen oder einen Drink auf der von Gr\u00fcn und Blumen umgebenen Terrasse genie\u00dfen.<br\/><br\/><strong>Das Restaurant wird am 1. September er\u00f6ffnet<\/strong><br\/><br\/>Es ist von 12 bis 14 Uhr und von 19.30 bis 21 Uhr ge\u00f6ffnet. Es ist am Sonntagmittag (und Montagmittag au\u00dferhalb der Saison) geschlossen, au\u00dfer Gruppen und festliche Mahlzeiten.<\/p><\/div><\/div>\n\n\n\n<div class=\"wp-block-uagb-image uagb-block-c2dd9409 wp-block-uagb-image--layout-default wp-block-uagb-image--effect-static wp-block-uagb-image--align-none\"><figure class=\"wp-block-uagb-image__figure\"><img decoding=\"async\" srcset=\"https:\/\/hoteldefrancebeaune.com\/wp-content\/uploads\/2024\/07\/5-1-e1721486899684.png ,https:\/\/hoteldefrancebeaune.com\/wp-content\/uploads\/2024\/07\/5-1-e1721486899684.png 780w, https:\/\/hoteldefrancebeaune.com\/wp-content\/uploads\/2024\/07\/5-1-e1721486899684.png 360w\" sizes=\"auto, (max-width: 480px) 150px\" src=\"https:\/\/hoteldefrancebeaune.com\/wp-content\/uploads\/2024\/07\/5-1-e1721486899684.png\" alt=\"\" class=\"uag-image-695\" width=\"550\" height=\"450\" title=\"5\" loading=\"lazy\" role=\"img\"><\/figure><\/div>\n<\/div><\/div>\n\n<div class=\"wp-block-uagb-container uagb-block-f098d2f3 alignfull uagb-is-root-container\"><div class=\"uagb-container-inner-blocks-wrap\">\n<div class=\"wp-block-uagb-container uagb-block-e15ae79c\">\n<div class=\"wp-block-uagb-buttons uagb-buttons__outer-wrap uagb-btn__extralarge-btn uagb-btn-tablet__default-btn uagb-btn-mobile__default-btn uagb-block-e1347fb6\"><div class=\"uagb-buttons__wrap uagb-buttons-layout-wrap \">\n<div class=\"wp-block-uagb-buttons-child uagb-buttons__outer-wrap uagb-block-5b7af254 wp-block-button\"><div class=\"uagb-button__wrapper\"><a class=\"uagb-buttons-repeater wp-block-button__link\" aria-label=\"\" href=\"#\" rel=\"follow noopener\" target=\"_self\" role=\"button\"><div class=\"uagb-button__link\">Speisekarte<\/div><span class=\"uagb-button__icon uagb-button__icon-position-after\"><svg xmlns=\"https:\/\/www.w3.org\/2000\/svg\" viewbox=\"0 0 448 512\" aria-hidden=\"true\" focussable=\"false\"><path d=\"M438.6 278.6l-160 160C272.4 444.9 264.2 448 256 448s-16.38-3.125-22.62-9.375c-12.5-12.5-12.5-32.75 0-45.25L338.8 288H32C14.33 288 .0016 273.7 .0016 256S14.33 224 32 224h306.8l-105.4-105.4c-12.5-12.5-12.5-32.75 0-45.25s32.75-12.5 45.25 0l160 160C451.1 245.9 451.1 266.1 438.6 278.6z\"><\/path><\/svg><\/span><\/a><\/div><\/div>\n<\/div><\/div>\n<\/div>\n<\/div><\/div>\n","protected":false},"excerpt":{"rendered":"<p>Das Restaurant Tast&#8217;vin<\/p>\n","protected":false},"author":3,"featured_media":0,"parent":0,"menu_order":0,"comment_status":"closed","ping_status":"closed","template":"","meta":{"_uag_custom_page_level_css":"","site-sidebar-layout":"default","site-content-layout":"","ast-site-content-layout":"default","site-content-style":"default","site-sidebar-style":"default","ast-global-header-display":"","ast-banner-title-visibility":"","ast-main-header-display":"","ast-hfb-above-header-display":"","ast-hfb-below-header-display":"","ast-hfb-mobile-header-display":"","site-post-title":"disabled","ast-breadcrumbs-content":"","ast-featured-img":"","footer-sml-layout":"","ast-disable-related-posts":"","theme-transparent-header-meta":"","adv-header-id-meta":"","stick-header-meta":"","header-above-stick-meta":"","header-main-stick-meta":"","header-below-stick-meta":"","astra-migrate-meta-layouts":"default","ast-page-background-enabled":"default","ast-page-background-meta":{"desktop":{"background-color":"var(--ast-global-color-4)","background-image":"","background-repeat":"repeat","background-position":"center center","background-size":"auto","background-attachment":"scroll","background-type":"","background-media":"","overlay-type":"","overlay-color":"","overlay-opacity":"","overlay-gradient":""},"tablet":{"background-color":"","background-image":"","background-repeat":"repeat","background-position":"center center","background-size":"auto","background-attachment":"scroll","background-type":"","background-media":"","overlay-type":"","overlay-color":"","overlay-opacity":"","overlay-gradient":""},"mobile":{"background-color":"","background-image":"","background-repeat":"repeat","background-position":"center center","background-size":"auto","background-attachment":"scroll","background-type":"","background-media":"","overlay-type":"","overlay-color":"","overlay-opacity":"","overlay-gradient":""}},"ast-content-background-meta":{"desktop":{"background-color":"var(--ast-global-color-5)","background-image":"","background-repeat":"repeat","background-position":"center center","background-size":"auto","background-attachment":"scroll","background-type":"","background-media":"","overlay-type":"","overlay-color":"","overlay-opacity":"","overlay-gradient":""},"tablet":{"background-color":"var(--ast-global-color-5)","background-image":"","background-repeat":"repeat","background-position":"center center","background-size":"auto","background-attachment":"scroll","background-type":"","background-media":"","overlay-type":"","overlay-color":"","overlay-opacity":"","overlay-gradient":""},"mobile":{"background-color":"var(--ast-global-color-5)","background-image":"","background-repeat":"repeat","background-position":"center center","background-size":"auto","background-attachment":"scroll","background-type":"","background-media":"","overlay-type":"","overlay-color":"","overlay-opacity":"","overlay-gradient":""}},"footnotes":""},"class_list":["post-786","page","type-page","status-publish","hentry"],"uagb_featured_image_src":{"full":false,"thumbnail":false,"medium":false,"medium_large":false,"large":false,"1536x1536":false,"2048x2048":false},"uagb_author_info":{"display_name":"Patrick","author_link":"https:\/\/hoteldefrancebeaune.com\/de\/author\/mrv98hxvu5lj\/"},"uagb_comment_info":0,"uagb_excerpt":"Das Restaurant Tast&#8217;vin","_links":{"self":[{"href":"https:\/\/hoteldefrancebeaune.com\/de\/wp-json\/wp\/v2\/pages\/786","targetHints":{"allow":["GET"]}}],"collection":[{"href":"https:\/\/hoteldefrancebeaune.com\/de\/wp-json\/wp\/v2\/pages"}],"about":[{"href":"https:\/\/hoteldefrancebeaune.com\/de\/wp-json\/wp\/v2\/types\/page"}],"author":[{"embeddable":true,"href":"https:\/\/hoteldefrancebeaune.com\/de\/wp-json\/wp\/v2\/users\/3"}],"replies":[{"embeddable":true,"href":"https:\/\/hoteldefrancebeaune.com\/de\/wp-json\/wp\/v2\/comments?post=786"}],"version-history":[{"count":1,"href":"https:\/\/hoteldefrancebeaune.com\/de\/wp-json\/wp\/v2\/pages\/786\/revisions"}],"predecessor-version":[{"id":788,"href":"https:\/\/hoteldefrancebeaune.com\/de\/wp-json\/wp\/v2\/pages\/786\/revisions\/788"}],"wp:attachment":[{"href":"https:\/\/hoteldefrancebeaune.com\/de\/wp-json\/wp\/v2\/media?parent=786"}],"curies":[{"name":"wp","href":"https:\/\/api.w.org\/{rel}","templated":true}]}}