{"id":753,"date":"2024-07-02T12:17:40","date_gmt":"2024-07-02T10:17:40","guid":{"rendered":"https:\/\/hoteldefrancebeaune.com\/dienstleistungen\/"},"modified":"2025-08-18T16:45:02","modified_gmt":"2025-08-18T14:45:02","slug":"dienstleistungen","status":"publish","type":"page","link":"https:\/\/hoteldefrancebeaune.com\/de\/dienstleistungen\/","title":{"rendered":"Dienstleistungen"},"content":{"rendered":"\n<div class=\"wp-block-uagb-container uagb-block-8ecd5811 alignfull uagb-is-root-container\"><div class=\"uagb-container-inner-blocks-wrap\">\n<div class=\"wp-block-uagb-advanced-heading uagb-block-13f2e88a\"><h1 class=\"uagb-heading-text\">Dienstleistungen des H\u00f4tel de France<\/h1><\/div>\n<\/div><\/div>\n\n<div class=\"wp-block-uagb-container uagb-block-ed6f13b8 alignfull uagb-is-root-container\"><div class=\"uagb-container-inner-blocks-wrap\">\n<div class=\"wp-block-uagb-advanced-heading uagb-block-50fe1be9\"><h2 class=\"uagb-heading-text\">Entdecken Sie unsere wichtigsten Dienstleistungen<\/h2><\/div>\n\n\n\n<div class=\"wp-block-uagb-container uagb-layout-grid uagb-block-c13f2f91\">\n<div class=\"wp-block-uagb-container uagb-block-f3bdc06a\">\n<div class=\"wp-block-uagb-image uagb-block-b33e1859 wp-block-uagb-image--layout-default wp-block-uagb-image--effect-static wp-block-uagb-image--align-none\"><figure class=\"wp-block-uagb-image__figure\"><img decoding=\"async\" srcset=\"https:\/\/hoteldefrancebeaune.com\/wp-content\/uploads\/2024\/07\/zipwp-image-chambre-superieur-1024x683.jpg ,https:\/\/hoteldefrancebeaune.com\/wp-content\/uploads\/2024\/07\/zipwp-image-chambre-superieur.jpg 780w, https:\/\/hoteldefrancebeaune.com\/wp-content\/uploads\/2024\/07\/zipwp-image-chambre-superieur.jpg 360w\" sizes=\"auto, (max-width: 480px) 150px\" src=\"https:\/\/hoteldefrancebeaune.com\/wp-content\/uploads\/2024\/07\/zipwp-image-chambre-superieur-1024x683.jpg\" alt=\"zipwp-image-chambre-superieur.jpg\" class=\"uag-image-469\" width=\"374\" height=\"240\" title=\"zipwp-image-chambre-superieur\" loading=\"lazy\" role=\"img\"><\/figure><\/div>\n\n\n\n<div class=\"wp-block-uagb-advanced-heading uagb-block-2d5baa62\"><h3 class=\"uagb-heading-text\">Komfortable Zimmer<\/h3><p class=\"uagb-desc-text\">Genie\u00dfen Sie gem\u00fctliche Zimmer mit eigenem Bad und modernen Annehmlichkeiten f\u00fcr einen komfortablen Aufenthalt.<\/p><\/div>\n\n\n\n<div class=\"wp-block-uagb-image uagb-block-c2e3f884 wp-block-uagb-image--layout-default wp-block-uagb-image--effect-static wp-block-uagb-image--align-none\"><figure class=\"wp-block-uagb-image__figure\"><img decoding=\"async\" srcset=\"https:\/\/hoteldefrancebeaune.com\/wp-content\/uploads\/2024\/07\/zipwp-image-hotel-de-france-le-tast-3-1024x683.jpg ,https:\/\/hoteldefrancebeaune.com\/wp-content\/uploads\/2024\/07\/zipwp-image-hotel-de-france-le-tast-3.jpg 780w, https:\/\/hoteldefrancebeaune.com\/wp-content\/uploads\/2024\/07\/zipwp-image-hotel-de-france-le-tast-3.jpg 360w\" sizes=\"auto, (max-width: 480px) 150px\" src=\"https:\/\/hoteldefrancebeaune.com\/wp-content\/uploads\/2024\/07\/zipwp-image-hotel-de-france-le-tast-3-1024x683.jpg\" alt=\"zipwp-image-hotel-de-france-le-tast-3.jpg\" class=\"uag-image-482\" width=\"374\" height=\"420\" title=\"zipwp-image-hotel-de-france-le-tast-3\" loading=\"lazy\" role=\"img\"><\/figure><\/div>\n\n\n\n<div class=\"wp-block-uagb-advanced-heading uagb-block-e199cdcf\"><h3 class=\"uagb-heading-text\">Kostenloses WiFi<\/h3><p class=\"uagb-desc-text\">Bleiben Sie \u00fcberall im Hotel mit unserem kostenlosen High-Speed-WLAN f\u00fcr Ihre gesch\u00e4ftlichen oder pers\u00f6nlichen Bed\u00fcrfnisse in Verbindung.<\/p><\/div>\n<\/div>\n\n\n\n<div class=\"wp-block-uagb-container uagb-block-0ed285ce\">\n<div class=\"wp-block-uagb-image uagb-block-306f0dee wp-block-uagb-image--layout-default wp-block-uagb-image--effect-static wp-block-uagb-image--align-none\"><figure class=\"wp-block-uagb-image__figure\"><img decoding=\"async\" srcset=\"https:\/\/hoteldefrancebeaune.com\/wp-content\/uploads\/2024\/07\/zipwp-image-petit-dejeuner-2-1024x683.jpg ,https:\/\/hoteldefrancebeaune.com\/wp-content\/uploads\/2024\/07\/zipwp-image-petit-dejeuner-2.jpg 780w, https:\/\/hoteldefrancebeaune.com\/wp-content\/uploads\/2024\/07\/zipwp-image-petit-dejeuner-2.jpg 360w\" sizes=\"auto, (max-width: 480px) 150px\" src=\"https:\/\/hoteldefrancebeaune.com\/wp-content\/uploads\/2024\/07\/zipwp-image-petit-dejeuner-2-1024x683.jpg\" alt=\"zipwp-image-petit-dejeuner-2.jpg\" class=\"uag-image-470\" width=\"374\" height=\"420\" title=\"zipwp-image-petit-dejeuner-2\" loading=\"lazy\" role=\"img\"><\/figure><\/div>\n\n\n\n<div class=\"wp-block-uagb-advanced-heading uagb-block-82ccb4ec\"><h3 class=\"uagb-heading-text\">Gourmetfr\u00fchst\u00fcck<\/h3><\/div>\n\n\n\n<p>Beginnen Sie Ihren Tag mit unserem frischen und abwechslungsreichen Fr\u00fchst\u00fcck, das f\u00fcr jeden Geschmack etwas enth\u00e4lt. Wird die ganze Woche \u00fcber von 6.30 bis 10.00 Uhr serviert und kostet 14 \u20ac.<\/p>\n\n\n\n<div class=\"wp-block-uagb-image uagb-block-a9488480 wp-block-uagb-image--layout-default wp-block-uagb-image--effect-static wp-block-uagb-image--align-none\"><figure class=\"wp-block-uagb-image__figure\"><img decoding=\"async\" srcset=\"https:\/\/hoteldefrancebeaune.com\/wp-content\/uploads\/2024\/07\/zipwp-image-hotel-de-france-le-tast-1-1024x683.jpg ,https:\/\/hoteldefrancebeaune.com\/wp-content\/uploads\/2024\/07\/zipwp-image-hotel-de-france-le-tast-1.jpg 780w, https:\/\/hoteldefrancebeaune.com\/wp-content\/uploads\/2024\/07\/zipwp-image-hotel-de-france-le-tast-1.jpg 360w\" sizes=\"auto, (max-width: 480px) 150px\" src=\"https:\/\/hoteldefrancebeaune.com\/wp-content\/uploads\/2024\/07\/zipwp-image-hotel-de-france-le-tast-1-1024x683.jpg\" alt=\"zipwp-image-hotel-de-france-le-tast-1.jpg\" class=\"uag-image-483\" width=\"374\" height=\"240\" title=\"zipwp-image-hotel-de-france-le-tast-1\" loading=\"lazy\" role=\"img\"><\/figure><\/div>\n\n\n\n<div class=\"wp-block-uagb-advanced-heading uagb-block-99ee72fd\"><h3 class=\"uagb-heading-text\">Conciergeservice<\/h3><p class=\"uagb-desc-text\">Unser Concierge-Team steht Ihnen zur Verf\u00fcgung, um Ihnen bei der Organisation Ihrer Besuche, Reservierungen oder anderen Anforderungen w\u00e4hrend Ihres Aufenthalts zu helfen.<\/p><\/div>\n<\/div>\n\n\n\n<div class=\"wp-block-uagb-container uagb-block-bd043692\">\n<div class=\"wp-block-uagb-image uagb-block-0d930f29 wp-block-uagb-image--layout-default wp-block-uagb-image--effect-static wp-block-uagb-image--align-none\"><figure class=\"wp-block-uagb-image__figure\"><img decoding=\"async\" srcset=\"https:\/\/hoteldefrancebeaune.com\/wp-content\/uploads\/2024\/07\/Capture-decran-2024-07-21-a-13.29.29.png ,https:\/\/hoteldefrancebeaune.com\/wp-content\/uploads\/2024\/07\/Capture-decran-2024-07-21-a-13.29.29.png 780w, https:\/\/hoteldefrancebeaune.com\/wp-content\/uploads\/2024\/07\/Capture-decran-2024-07-21-a-13.29.29.png 360w\" sizes=\"auto, (max-width: 480px) 150px\" src=\"https:\/\/hoteldefrancebeaune.com\/wp-content\/uploads\/2024\/07\/Capture-decran-2024-07-21-a-13.29.29.png\" alt=\"\" class=\"uag-image-853\" width=\"374\" height=\"240\" title=\"Hund\" loading=\"lazy\" role=\"img\"><\/figure><\/div>\n\n\n\n<div class=\"wp-block-uagb-advanced-heading uagb-block-d9c75944\"><h3 class=\"uagb-heading-text\"><strong>Tiere<\/strong><\/h3><\/div>\n\n\n\n<p>Unsere vierbeinigen Freunde sind willkommen, wenn Sie dies im Voraus mit der Rezeption vereinbart haben. F\u00fcr die Dauer Ihres Aufenthaltes wird eine Geb\u00fchr von \u20ac10 pro Haustier und Nacht erhoben. <\/p>\n\n\n\n<div class=\"wp-block-uagb-image uagb-block-afe75bff wp-block-uagb-image--layout-default wp-block-uagb-image--effect-static wp-block-uagb-image--align-none\"><figure class=\"wp-block-uagb-image__figure\"><img decoding=\"async\" srcset=\"https:\/\/hoteldefrancebeaune.com\/wp-content\/uploads\/2024\/07\/zipwp-image-hotel-de-france-logis-1024x558.jpg ,https:\/\/hoteldefrancebeaune.com\/wp-content\/uploads\/2024\/07\/zipwp-image-hotel-de-france-logis.jpg 780w, https:\/\/hoteldefrancebeaune.com\/wp-content\/uploads\/2024\/07\/zipwp-image-hotel-de-france-logis.jpg 360w\" sizes=\"auto, (max-width: 480px) 150px\" src=\"https:\/\/hoteldefrancebeaune.com\/wp-content\/uploads\/2024\/07\/zipwp-image-hotel-de-france-logis-1024x558.jpg\" alt=\"zipwp-image-hotel-de-france-logis.jpg\" class=\"uag-image-480\" width=\"374\" height=\"420\" title=\"zipwp-image-hotel-de-france-logis\" loading=\"lazy\" role=\"img\"><\/figure><\/div>\n\n\n\n<div class=\"wp-block-uagb-advanced-heading uagb-block-c1a85385\"><h3 class=\"uagb-heading-text\">Versammlungsraum<\/h3><p class=\"uagb-desc-text\">Organisieren Sie Ihre Meetings oder Veranstaltungen in unseren individuell gestaltbaren R\u00e4umlichkeiten mit moderner Ausstattung f\u00fcr ein erfolgreiches Erlebnis.<\/p><\/div>\n<\/div>\n<\/div>\n<\/div><\/div>\n","protected":false},"excerpt":{"rendered":"<p>Dienstleistungen des H\u00f4tel de France Entdecken Sie unsere wichtigsten Dienstleistungen Komfortable Zimmer Genie\u00dfen Sie gem\u00fctliche Zimmer mit eigenem Bad und [&hellip;]<\/p>\n","protected":false},"author":3,"featured_media":0,"parent":0,"menu_order":0,"comment_status":"closed","ping_status":"closed","template":"","meta":{"_uag_custom_page_level_css":"","site-sidebar-layout":"default","site-content-layout":"","ast-site-content-layout":"default","site-content-style":"default","site-sidebar-style":"default","ast-global-header-display":"","ast-banner-title-visibility":"","ast-main-header-display":"","ast-hfb-above-header-display":"","ast-hfb-below-header-display":"","ast-hfb-mobile-header-display":"","site-post-title":"disabled","ast-breadcrumbs-content":"","ast-featured-img":"","footer-sml-layout":"","ast-disable-related-posts":"","theme-transparent-header-meta":"","adv-header-id-meta":"","stick-header-meta":"","header-above-stick-meta":"","header-main-stick-meta":"","header-below-stick-meta":"","astra-migrate-meta-layouts":"default","ast-page-background-enabled":"default","ast-page-background-meta":{"desktop":{"background-color":"var(--ast-global-color-4)","background-image":"","background-repeat":"repeat","background-position":"center center","background-size":"auto","background-attachment":"scroll","background-type":"","background-media":"","overlay-type":"","overlay-color":"","overlay-opacity":"","overlay-gradient":""},"tablet":{"background-color":"","background-image":"","background-repeat":"repeat","background-position":"center center","background-size":"auto","background-attachment":"scroll","background-type":"","background-media":"","overlay-type":"","overlay-color":"","overlay-opacity":"","overlay-gradient":""},"mobile":{"background-color":"","background-image":"","background-repeat":"repeat","background-position":"center center","background-size":"auto","background-attachment":"scroll","background-type":"","background-media":"","overlay-type":"","overlay-color":"","overlay-opacity":"","overlay-gradient":""}},"ast-content-background-meta":{"desktop":{"background-color":"var(--ast-global-color-5)","background-image":"","background-repeat":"repeat","background-position":"center center","background-size":"auto","background-attachment":"scroll","background-type":"","background-media":"","overlay-type":"","overlay-color":"","overlay-opacity":"","overlay-gradient":""},"tablet":{"background-color":"var(--ast-global-color-5)","background-image":"","background-repeat":"repeat","background-position":"center center","background-size":"auto","background-attachment":"scroll","background-type":"","background-media":"","overlay-type":"","overlay-color":"","overlay-opacity":"","overlay-gradient":""},"mobile":{"background-color":"var(--ast-global-color-5)","background-image":"","background-repeat":"repeat","background-position":"center center","background-size":"auto","background-attachment":"scroll","background-type":"","background-media":"","overlay-type":"","overlay-color":"","overlay-opacity":"","overlay-gradient":""}},"footnotes":""},"class_list":["post-753","page","type-page","status-publish","hentry"],"uagb_featured_image_src":{"full":false,"thumbnail":false,"medium":false,"medium_large":false,"large":false,"1536x1536":false,"2048x2048":false},"uagb_author_info":{"display_name":"Patrick","author_link":"https:\/\/hoteldefrancebeaune.com\/de\/author\/mrv98hxvu5lj\/"},"uagb_comment_info":0,"uagb_excerpt":"Dienstleistungen des H\u00f4tel de France Entdecken Sie unsere wichtigsten Dienstleistungen Komfortable Zimmer Genie\u00dfen Sie gem\u00fctliche Zimmer mit eigenem Bad und [&hellip;]","_links":{"self":[{"href":"https:\/\/hoteldefrancebeaune.com\/de\/wp-json\/wp\/v2\/pages\/753","targetHints":{"allow":["GET"]}}],"collection":[{"href":"https:\/\/hoteldefrancebeaune.com\/de\/wp-json\/wp\/v2\/pages"}],"about":[{"href":"https:\/\/hoteldefrancebeaune.com\/de\/wp-json\/wp\/v2\/types\/page"}],"author":[{"embeddable":true,"href":"https:\/\/hoteldefrancebeaune.com\/de\/wp-json\/wp\/v2\/users\/3"}],"replies":[{"embeddable":true,"href":"https:\/\/hoteldefrancebeaune.com\/de\/wp-json\/wp\/v2\/comments?post=753"}],"version-history":[{"count":7,"href":"https:\/\/hoteldefrancebeaune.com\/de\/wp-json\/wp\/v2\/pages\/753\/revisions"}],"predecessor-version":[{"id":1168,"href":"https:\/\/hoteldefrancebeaune.com\/de\/wp-json\/wp\/v2\/pages\/753\/revisions\/1168"}],"wp:attachment":[{"href":"https:\/\/hoteldefrancebeaune.com\/de\/wp-json\/wp\/v2\/media?parent=753"}],"curies":[{"name":"wp","href":"https:\/\/api.w.org\/{rel}","templated":true}]}}